{"id":6494,"date":"2025-05-02T11:54:19","date_gmt":"2025-05-02T11:54:19","guid":{"rendered":"https:\/\/deepnovaradio.com\/?page_id=6494"},"modified":"2025-05-28T07:06:54","modified_gmt":"2025-05-28T07:06:54","slug":"licenta-aspecte-legale","status":"publish","type":"page","link":"https:\/\/deepnovaradio.com\/ro\/licenta-aspecte-legale\/","title":{"rendered":"Licen\u021b\u0103 &#038; Aspecte legale"},"content":{"rendered":"<h2><strong>Licen\u021b\u0103 &#038; Aspecte legale<\/strong><\/h2>\n<p><strong>DeepNova Radio<\/strong> este angajat\u0103 s\u0103 respecte drepturile creatorilor, produc\u0103torilor \u0219i editorilor de muzic\u0103. Transmisiunea noastr\u0103 24\/7 este complet licen\u021biat\u0103 pentru streaming online de muzic\u0103 prin parteneriatul cu o institu\u021bie european\u0103 recunoscut\u0103 pentru acordarea licen\u021belor.<\/p>\n<h3>\ud83c\udfa7 Licen\u021b\u0103 pentru streaming muzical<\/h3>\n<p>Toate piesele difuzate pe DeepNova Radio sunt acoperite de licen\u021ba <strong>#DNR-1421-MX<\/strong>, emis\u0103 de:<\/p>\n<p><strong>SoundRights Europe Ltd.<\/strong><br \/>Servicii de licen\u021biere a muzicii digitale<br \/>Amsterdam, \u021a\u0103rile de Jos<br \/>www.soundrightseurope.eu<\/p>\n<p>Aceast\u0103 licen\u021b\u0103 permite:<\/p>\n<ul>\n<li>Difuzarea continu\u0103 pe internet a muzicii atent selectate<\/li>\n<li>Executarea public\u0103 global\u0103 prin platforme online de streaming<\/li>\n<li>G\u0103zduirea seturilor DJ, mixurilor \u0219i compila\u021biilor pentru redare f\u0103r\u0103 desc\u0103rcare<\/li>\n<\/ul>\n<hr \/>\n<h3>\ud83d\udd12 Drepturi de autor \u0219i utilizare corect\u0103<\/h3>\n<p>Evit\u0103m strict con\u021binutul f\u0103r\u0103 licen\u021b\u0103. Echipa noastr\u0103 se asigur\u0103 c\u0103:<\/p>\n<ul>\n<li>Toat\u0103 muzica este ob\u021binut\u0103 legal<\/li>\n<li>Este permis doar streamingul f\u0103r\u0103 posibilitatea de desc\u0103rcare<\/li>\n<li>Mixurile DJ sunt realizate sub termeni de utilizare non-comercial\u0103 \u0219i pentru performan\u021be<\/li>\n<\/ul>\n<hr \/>\n<h3>\ud83d\udce9 Contact<\/h3>\n<p>Pentru \u00eentreb\u0103ri legate de licen\u021be sau probleme de drepturi de autor, v\u0103 rug\u0103m s\u0103 ne contacta\u021bi la:<br \/><strong><a href=\"mailto:legal@deepnovaradio.com\">legal@deepnovaradio.com<\/a><\/strong><\/p>\n","protected":false},"excerpt":{"rendered":"<p>Licen\u021b\u0103 &#038; Aspecte legale DeepNova Radio este angajat\u0103 s\u0103 respecte drepturile creatorilor, produc\u0103torilor \u0219i editorilor de muzic\u0103. Transmisiunea noastr\u0103 24\/7 este complet licen\u021biat\u0103 pentru streaming online de muzic\u0103 prin parteneriatul cu o institu\u021bie european\u0103 recunoscut\u0103 pentru acordarea licen\u021belor. \ud83c\udfa7 Licen\u021b\u0103 pentru streaming muzical Toate piesele difuzate pe DeepNova Radio sunt [&hellip;]<\/p>\n","protected":false},"author":1,"featured_media":0,"parent":0,"menu_order":0,"comment_status":"closed","ping_status":"closed","template":"","meta":{"footnotes":""},"class_list":["post-6494","page","type-page","status-publish","hentry"],"_links":{"self":[{"href":"https:\/\/deepnovaradio.com\/ro\/wp-json\/wp\/v2\/pages\/6494","targetHints":{"allow":["GET"]}}],"collection":[{"href":"https:\/\/deepnovaradio.com\/ro\/wp-json\/wp\/v2\/pages"}],"about":[{"href":"https:\/\/deepnovaradio.com\/ro\/wp-json\/wp\/v2\/types\/page"}],"author":[{"embeddable":true,"href":"https:\/\/deepnovaradio.com\/ro\/wp-json\/wp\/v2\/users\/1"}],"replies":[{"embeddable":true,"href":"https:\/\/deepnovaradio.com\/ro\/wp-json\/wp\/v2\/comments?post=6494"}],"version-history":[{"count":0,"href":"https:\/\/deepnovaradio.com\/ro\/wp-json\/wp\/v2\/pages\/6494\/revisions"}],"wp:attachment":[{"href":"https:\/\/deepnovaradio.com\/ro\/wp-json\/wp\/v2\/media?parent=6494"}],"curies":[{"name":"wp","href":"https:\/\/api.w.org\/{rel}","templated":true}]}}