{"id":6490,"date":"2025-05-02T11:54:19","date_gmt":"2025-05-02T11:54:19","guid":{"rendered":"https:\/\/deepnovaradio.com\/?page_id=6490"},"modified":"2025-05-27T16:07:24","modified_gmt":"2025-05-27T16:07:24","slug":"licence-et-aspects-legaux","status":"publish","type":"page","link":"https:\/\/deepnovaradio.com\/fr\/licence-et-aspects-legaux\/","title":{"rendered":"Licence et aspects l\u00e9gaux"},"content":{"rendered":"\r\n\r\n<h2 class=\"wp-block-heading\"><strong>Licence et aspects l\u00e9gaux<\/strong><\/h2>\r\n<p><strong>DeepNova Radio<\/strong> s&rsquo;engage \u00e0 respecter les droits des cr\u00e9ateurs, producteurs et \u00e9diteurs de musique. Notre diffusion 24\/7 est enti\u00e8rement licenci\u00e9e pour la diffusion musicale en ligne gr\u00e2ce \u00e0 notre partenariat avec un organisme europ\u00e9en de licence reconnu.<\/p>\r\n<h3>\ud83c\udfa7 Licence de diffusion musicale<\/h3>\r\n<p>Toutes les pistes diffus\u00e9es sur DeepNova Radio sont couvertes par la licence <strong>#DNR-1421-MX<\/strong>, d\u00e9livr\u00e9e par :<\/p>\r\n<p><strong>SoundRights Europe Ltd.<\/strong><br \/>Services de licences de musique num\u00e9rique<br \/>Amsterdam, Pays-Bas<br \/>www.soundrightseurope.eu<\/p>\r\n<p>Cette licence permet :<\/p>\r\n<ul>\r\n  <li>Diffusion continue de radio internet de musique s\u00e9lectionn\u00e9e<\/li>\r\n  <li>Performance publique mondiale via des plateformes de streaming en ligne<\/li>\r\n  <li>H\u00e9bergement de sets DJ, mixes et compilations pour \u00e9coute en streaming non t\u00e9l\u00e9chargeable<\/li>\r\n<\/ul>\r\n<hr \/>\r\n<h3>\ud83d\udd12 Droits d\u2019auteur et usage \u00e9quitable<\/h3>\r\n<p>Nous \u00e9vitons strictement tout contenu non licenci\u00e9. Notre \u00e9quipe veille \u00e0 ce que :<\/p>\r\n<ul>\r\n  <li>Toute la musique soit obtenue l\u00e9galement<\/li>\r\n  <li>Seule la lecture en streaming non t\u00e9l\u00e9chargeable soit autoris\u00e9e<\/li>\r\n  <li>Les mixes DJ soient s\u00e9lectionn\u00e9s selon des conditions d\u2019utilisation non commerciale<\/li>\r\n<\/ul>\r\n<hr \/>\r\n<h3>\ud83d\udce9 Contact<\/h3>\r\n<p>Pour toute demande concernant les licences ou les questions de droits d\u2019auteur, veuillez nous contacter \u00e0 l\u2019adresse suivante :<br \/><strong><a href=\"mailto:legal@deepnovaradio.com\">legal@deepnovaradio.com<\/a><\/strong><\/p>\r\n","protected":false},"excerpt":{"rendered":"<p>Licence et aspects l\u00e9gaux DeepNova Radio s&rsquo;engage \u00e0 respecter les droits des cr\u00e9ateurs, producteurs et \u00e9diteurs de musique. Notre diffusion 24\/7 est enti\u00e8rement licenci\u00e9e pour la diffusion musicale en ligne gr\u00e2ce \u00e0 notre partenariat avec un organisme europ\u00e9en de licence reconnu. \ud83c\udfa7 Licence de diffusion musicale Toutes les pistes diffus\u00e9es [&hellip;]<\/p>\n","protected":false},"author":1,"featured_media":0,"parent":0,"menu_order":0,"comment_status":"closed","ping_status":"closed","template":"","meta":{"footnotes":""},"class_list":["post-6490","page","type-page","status-publish","hentry"],"_links":{"self":[{"href":"https:\/\/deepnovaradio.com\/fr\/wp-json\/wp\/v2\/pages\/6490","targetHints":{"allow":["GET"]}}],"collection":[{"href":"https:\/\/deepnovaradio.com\/fr\/wp-json\/wp\/v2\/pages"}],"about":[{"href":"https:\/\/deepnovaradio.com\/fr\/wp-json\/wp\/v2\/types\/page"}],"author":[{"embeddable":true,"href":"https:\/\/deepnovaradio.com\/fr\/wp-json\/wp\/v2\/users\/1"}],"replies":[{"embeddable":true,"href":"https:\/\/deepnovaradio.com\/fr\/wp-json\/wp\/v2\/comments?post=6490"}],"version-history":[{"count":0,"href":"https:\/\/deepnovaradio.com\/fr\/wp-json\/wp\/v2\/pages\/6490\/revisions"}],"wp:attachment":[{"href":"https:\/\/deepnovaradio.com\/fr\/wp-json\/wp\/v2\/media?parent=6490"}],"curies":[{"name":"wp","href":"https:\/\/api.w.org\/{rel}","templated":true}]}}