{"id":6909,"date":"2025-09-25T13:26:56","date_gmt":"2025-09-25T13:26:56","guid":{"rendered":"https:\/\/deepnovaradio.com\/downloads\/"},"modified":"2025-09-25T13:41:18","modified_gmt":"2025-09-25T13:41:18","slug":"downloads","status":"publish","type":"page","link":"https:\/\/deepnovaradio.com\/es\/downloads\/","title":{"rendered":"\ud83c\udfa7 Descarga la app oficial DeepNova Radio"},"content":{"rendered":"<p>Bienvenido al centro oficial de descargas de <strong>DeepNova Radio<\/strong> \u2013 tu destino para m\u00fasica deep house, trance y dance pura, sin anuncios.<\/p>\n<div class=\"download-section\">\n<h2>\ud83d\udcf1 Aplicaciones m\u00f3viles<\/h2>\n<div style=\"display: flex; justify-content: center; gap: 40px; flex-wrap: wrap; text-align: center;\">\n<div>\n      <img decoding=\"async\" src=\"https:\/\/deepnovaradio.com\/wp-content\/uploads\/2025\/09\/qr-code-1-150x150.png\" alt=\"C\u00f3digo QR para la aplicaci\u00f3n en Google Play Store\" width=\"150\" height=\"150\" \/><\/p>\n<p style=\"margin-top: 10px;\">\n        <a href=\"https:\/\/play.google.com\/store\/apps\/details?id=com.deepnova.radioapp\" target=\"_blank\" rel=\"noopener\"><br \/>\n          Aplicaci\u00f3n Google Play Store<br \/>\n        <\/a>\n      <\/p>\n<\/p><\/div>\n<div>\n      <img decoding=\"async\" src=\"https:\/\/deepnovaradio.com\/wp-content\/uploads\/2025\/09\/qr-code-150x150.png\" alt=\"C\u00f3digo QR para la aplicaci\u00f3n en Apple App Store\" width=\"150\" height=\"150\" \/><\/p>\n<p style=\"margin-top: 10px;\">\n        <a href=\"https:\/\/apps.apple.com\/md\/app\/deepnova\/id6747034320\" target=\"_blank\" rel=\"noopener\"><br \/>\n          Aplicaci\u00f3n Apple App Store<br \/>\n        <\/a>\n      <\/p>\n<\/p><\/div>\n<\/p><\/div>\n<p>Nuestra aplicaci\u00f3n oficial incluye 3 emisoras: <strong>DeepNova<\/strong> (deep house), <strong>DanceNova<\/strong> (\u00e9xitos dance\/house) y <strong>TranceNova<\/strong> (trance).<\/p>\n<\/div>\n<div class=\"download-section\">\n<h2>\ud83c\udfbc Listas de reproducci\u00f3n para reproductores multimedia<\/h2>\n<p>Puedes escuchar DeepNova Radio con tu reproductor favorito. Descarga cualquiera de los formatos compatibles a continuaci\u00f3n:<\/p>\n<div class=\"download-link\"><a href=\"https:\/\/deepnovaradio.com\/deepnova.m3u\" target=\"_blank\" rel=\"noopener\">Descargar .M3U (para VLC, Winamp, etc.)<\/a><\/div>\n<div class=\"download-link\"><a href=\"https:\/\/deepnovaradio.com\/deepnova.pls\" target=\"_blank\" rel=\"noopener\">Descargar .PLS (formato de lista de reproducci\u00f3n para varias apps)<\/a><\/div>\n<div class=\"download-link\"><a href=\"https:\/\/deepnovaradio.com\/deepnova.wpl\" target=\"_blank\" rel=\"noopener\">Descargar .WPL (para Windows Media Player)<\/a><\/div>\n<div class=\"download-link\"><a href=\"https:\/\/deepnovaradio.com\/deepnova.xspf\" target=\"_blank\" rel=\"noopener\">Descargar .XSPF (para reproductores avanzados)<\/a><\/div>\n<\/div>\n<div class=\"download-section\">\n<h2>\ud83c\udf10 Reproductor web<\/h2>\n<p>\u00bfPrefieres escuchar en tu navegador? Haz clic abajo para iniciar al instante nuestro reproductor online:<\/p>\n<div class=\"download-link\"><a href=\"https:\/\/a8.asurahosting.com\/public\/deepnova\" target=\"_blank\" rel=\"noopener\">Abrir reproductor web de DeepNova Radio<\/a><\/div>\n<\/div>\n<p style=\"margin-top: 60px; font-size: 0.9em; color: #ccc;\">\n","protected":false},"excerpt":{"rendered":"<p>Bienvenido al centro oficial de descargas de DeepNova Radio \u2013 tu destino para m\u00fasica deep house, trance y dance pura, sin anuncios. \ud83d\udcf1 Aplicaciones m\u00f3viles Aplicaci\u00f3n Google Play Store Aplicaci\u00f3n Apple App Store Nuestra aplicaci\u00f3n oficial incluye 3 emisoras: DeepNova (deep house), DanceNova (\u00e9xitos dance\/house) y TranceNova (trance). \ud83c\udfbc Listas [&hellip;]<\/p>\n","protected":false},"author":1,"featured_media":6903,"parent":0,"menu_order":0,"comment_status":"closed","ping_status":"closed","template":"","meta":{"footnotes":""},"class_list":["post-6909","page","type-page","status-publish","has-post-thumbnail","hentry"],"_links":{"self":[{"href":"https:\/\/deepnovaradio.com\/es\/wp-json\/wp\/v2\/pages\/6909","targetHints":{"allow":["GET"]}}],"collection":[{"href":"https:\/\/deepnovaradio.com\/es\/wp-json\/wp\/v2\/pages"}],"about":[{"href":"https:\/\/deepnovaradio.com\/es\/wp-json\/wp\/v2\/types\/page"}],"author":[{"embeddable":true,"href":"https:\/\/deepnovaradio.com\/es\/wp-json\/wp\/v2\/users\/1"}],"replies":[{"embeddable":true,"href":"https:\/\/deepnovaradio.com\/es\/wp-json\/wp\/v2\/comments?post=6909"}],"version-history":[{"count":0,"href":"https:\/\/deepnovaradio.com\/es\/wp-json\/wp\/v2\/pages\/6909\/revisions"}],"wp:featuredmedia":[{"embeddable":true,"href":"https:\/\/deepnovaradio.com\/es\/wp-json\/wp\/v2\/media\/6903"}],"wp:attachment":[{"href":"https:\/\/deepnovaradio.com\/es\/wp-json\/wp\/v2\/media?parent=6909"}],"curies":[{"name":"wp","href":"https:\/\/api.w.org\/{rel}","templated":true}]}}