{"id":6499,"date":"2025-05-02T11:54:19","date_gmt":"2025-05-02T11:54:19","guid":{"rendered":"https:\/\/deepnovaradio.com\/?page_id=6499"},"modified":"2025-05-27T16:12:28","modified_gmt":"2025-05-27T16:12:28","slug":"licencia-y-legalidad","status":"publish","type":"page","link":"https:\/\/deepnovaradio.com\/es\/licencia-y-legalidad\/","title":{"rendered":"Licencia y Legalidad"},"content":{"rendered":"\r\n\r\n<h2 class=\"wp-block-heading\"><strong>Licencia y Aspectos Legales<\/strong><\/h2>\r\n<p><strong>DeepNova Radio<\/strong> se compromete a respetar los derechos de los creadores, productores y editores musicales. Nuestra transmisi\u00f3n 24\/7 est\u00e1 completamente licenciada para la transmisi\u00f3n de m\u00fasica en l\u00ednea a trav\u00e9s de nuestra asociaci\u00f3n con un organismo de licencias europeo reconocido.<\/p>\r\n<h3>\ud83c\udfa7 Licencia para Transmisi\u00f3n de M\u00fasica<\/h3>\r\n<p>Todas las pistas transmitidas en DeepNova Radio est\u00e1n cubiertas bajo la licencia <strong>#DNR-1421-MX<\/strong>, emitida por:<\/p>\r\n<p><strong>SoundRights Europe Ltd.<\/strong><br>Servicios de Licenciamiento Digital de M\u00fasica<br>\u00c1msterdam, Pa\u00edses Bajos<br>www.soundrightseurope.eu\u00a0<\/p>\r\n<p>Esta licencia permite:<\/p>\r\n<ul>\r\n<li>Transmisi\u00f3n continua de radio por internet con m\u00fasica seleccionada cuidadosamente<\/li>\r\n<li>Interpretaci\u00f3n p\u00fablica global a trav\u00e9s de plataformas de streaming en l\u00ednea<\/li>\r\n<li>Alojamiento de sets de DJ, mezclas y compilaciones para reproducci\u00f3n no descargable<\/li>\r\n<\/ul>\r\n<hr \/>\r\n<h3>\ud83d\udd12 Derechos de Autor y Uso Justo<\/h3>\r\n<p>Evitemos estrictamente contenido sin licencia. Nuestro equipo garantiza que:<\/p>\r\n<ul>\r\n<li>Toda la m\u00fasica proviene de fuentes legales<\/li>\r\n<li>Solo est\u00e1 permitido el streaming para reproducci\u00f3n sin descarga<\/li>\r\n<li>Las mezclas de DJ est\u00e1n curadas bajo t\u00e9rminos de uso no comercial y de interpretaci\u00f3n p\u00fablica<\/li>\r\n<\/ul>\r\n<hr \/>\r\n<h3>\ud83d\udce9 Contacto<\/h3>\r\n<p>Para consultas sobre licencias o cuestiones de derechos de autor, por favor cont\u00e1ctenos en:<br><strong><a href=\"mailto:legal@deepnovaradio.com\" rel=\"noopener\">legal@deepnovaradio.com<\/a><\/strong><\/p>\r\n","protected":false},"excerpt":{"rendered":"<p>Licencia y Aspectos Legales DeepNova Radio se compromete a respetar los derechos de los creadores, productores y editores musicales. Nuestra transmisi\u00f3n 24\/7 est\u00e1 completamente licenciada para la transmisi\u00f3n de m\u00fasica en l\u00ednea a trav\u00e9s de nuestra asociaci\u00f3n con un organismo de licencias europeo reconocido. \ud83c\udfa7 Licencia para Transmisi\u00f3n de M\u00fasica [&hellip;]<\/p>\n","protected":false},"author":1,"featured_media":0,"parent":0,"menu_order":0,"comment_status":"closed","ping_status":"closed","template":"","meta":{"footnotes":""},"class_list":["post-6499","page","type-page","status-publish","hentry"],"_links":{"self":[{"href":"https:\/\/deepnovaradio.com\/es\/wp-json\/wp\/v2\/pages\/6499","targetHints":{"allow":["GET"]}}],"collection":[{"href":"https:\/\/deepnovaradio.com\/es\/wp-json\/wp\/v2\/pages"}],"about":[{"href":"https:\/\/deepnovaradio.com\/es\/wp-json\/wp\/v2\/types\/page"}],"author":[{"embeddable":true,"href":"https:\/\/deepnovaradio.com\/es\/wp-json\/wp\/v2\/users\/1"}],"replies":[{"embeddable":true,"href":"https:\/\/deepnovaradio.com\/es\/wp-json\/wp\/v2\/comments?post=6499"}],"version-history":[{"count":0,"href":"https:\/\/deepnovaradio.com\/es\/wp-json\/wp\/v2\/pages\/6499\/revisions"}],"wp:attachment":[{"href":"https:\/\/deepnovaradio.com\/es\/wp-json\/wp\/v2\/media?parent=6499"}],"curies":[{"name":"wp","href":"https:\/\/api.w.org\/{rel}","templated":true}]}}