{"id":6484,"date":"2020-11-08T18:42:35","date_gmt":"2020-11-08T18:42:35","guid":{"rendered":"https:\/\/deepnovaradio.com\/?page_id=6484"},"modified":"2025-05-28T07:26:23","modified_gmt":"2025-05-28T07:26:23","slug":"apoya-a-deepnova-radio","status":"publish","type":"page","link":"https:\/\/deepnovaradio.com\/es\/apoya-a-deepnova-radio\/","title":{"rendered":"Apoya a DeepNova Radio"},"content":{"rendered":"\t\t<div data-elementor-type=\"wp-page\" data-elementor-id=\"6484\" class=\"elementor elementor-6484\" data-elementor-post-type=\"page\">\n\t\t\t\t\t\t<section class=\"elementor-section elementor-top-section elementor-element elementor-element-3f268a0 elementor-section-height-min-height elementor-section-boxed elementor-section-height-default elementor-section-items-middle\" data-id=\"3f268a0\" data-element_type=\"section\" data-settings=\"{&quot;background_background&quot;:&quot;video&quot;,&quot;background_video_link&quot;:&quot;https:\\\/\\\/www.youtube.com\\\/watch?v=Q9KcDK5mb3o&quot;,&quot;background_video_start&quot;:30,&quot;background_video_end&quot;:60,&quot;shape_divider_bottom&quot;:&quot;waves&quot;}\">\n\t\t\t\t\t\t\t\t<div class=\"elementor-background-video-container elementor-hidden-mobile\" aria-hidden=\"true\">\n\t\t\t\t\t\t\t\t\t\t\t\t\t<div class=\"elementor-background-video-embed\"><\/div>\n\t\t\t\t\t\t\t\t\t\t\t\t<\/div>\n\t\t\t\t\t\t\t\t\t<div class=\"elementor-background-overlay\"><\/div>\n\t\t\t\t\t\t<div class=\"elementor-shape elementor-shape-bottom\" aria-hidden=\"true\" data-negative=\"false\">\n\t\t\t<svg xmlns=\"http:\/\/www.w3.org\/2000\/svg\" viewBox=\"0 0 1000 100\" preserveAspectRatio=\"none\">\n\t<path class=\"elementor-shape-fill\" d=\"M421.9,6.5c22.6-2.5,51.5,0.4,75.5,5.3c23.6,4.9,70.9,23.5,100.5,35.7c75.8,32.2,133.7,44.5,192.6,49.7\n\tc23.6,2.1,48.7,3.5,103.4-2.5c54.7-6,106.2-25.6,106.2-25.6V0H0v30.3c0,0,72,32.6,158.4,30.5c39.2-0.7,92.8-6.7,134-22.4\n\tc21.2-8.1,52.2-18.2,79.7-24.2C399.3,7.9,411.6,7.5,421.9,6.5z\"\/>\n<\/svg>\t\t<\/div>\n\t\t\t\t\t<div class=\"elementor-container elementor-column-gap-default\">\n\t\t\t\t\t<div class=\"elementor-column elementor-col-100 elementor-top-column elementor-element elementor-element-92c8f26\" data-id=\"92c8f26\" data-element_type=\"column\">\n\t\t\t<div class=\"elementor-widget-wrap elementor-element-populated\">\n\t\t\t\t\t\t<div class=\"elementor-element elementor-element-e5c9719 elementor-widget elementor-widget-heading\" data-id=\"e5c9719\" data-element_type=\"widget\" data-widget_type=\"heading.default\">\n\t\t\t\t<div class=\"elementor-widget-container\">\n\t\t\t\t\t<h3 class=\"elementor-heading-title elementor-size-default\">Ay\u00fadanos a mantener viva la vibra profunda, un latido a la vez\n<\/h3>\t\t\t\t<\/div>\n\t\t\t\t<\/div>\n\t\t\t\t<div class=\"elementor-element elementor-element-9b1dbf2 elementor-widget elementor-widget-kentha-elementor-section-caption\" data-id=\"9b1dbf2\" data-element_type=\"widget\" data-widget_type=\"kentha-elementor-section-caption.default\">\n\t\t\t\t<div class=\"elementor-widget-container\">\n\t\t\t\t\t\t\t<h2 id=\"qttabsebeb-apoya-a-deepnova-radio\" class=\"qt-center qt-qttabsebeb-apoya-a-deepnova-radio qt-textfx-wrap qt-fontsize-h1\">\n\t\t\t\t\t\t\t\t<span class=\"qt-txtfx qt-txtfx--ibiza\"><span  data-letters=\"Apoya a DeepNova Radio\">Apoya a DeepNova Radio<\/span><\/span>\n\t\t\t\t\t\t\t<\/h2>\n\t\t\t\t<div data-kentha-customstyles=\"\/* Shortcode dynamically generated CSS *\/\n\t\t\t\t\t.qt-qttabsebeb-apoya-a-deepnova-radio .qt-txtfx--ibiza, .qt-qttabsebeb-apoya-a-deepnova-radio .qt-txtfx--ibiza.qt-txtfxstart { color: #232323}\n\t\t\t\t\t.qt-qttabsebeb-apoya-a-deepnova-radio .qt-txtfx--ibiza span::before { color: #FFFFFF}\n\t\t\t\t\t.qt-qttabsebeb-apoya-a-deepnova-radio .qt-txtfx--ibiza::after { background: #630DFF}\"><\/div>\n\t\t\t\t\t\t<\/div>\n\t\t\t\t<\/div>\n\t\t\t\t<div class=\"elementor-element elementor-element-bdf571c elementor-align-center elementor-widget elementor-widget-button\" data-id=\"bdf571c\" data-element_type=\"widget\" data-widget_type=\"button.default\">\n\t\t\t\t<div class=\"elementor-widget-container\">\n\t\t\t\t\t\t\t\t\t<div class=\"elementor-button-wrapper\">\n\t\t\t\t\t<a class=\"elementor-button elementor-button-link elementor-size-lg\" href=\"https:\/\/donorbox.org\/support-deepnova-radio-keep-the-deep-vibes-alive?\" target=\"_blank\" rel=\"noopener\">\n\t\t\t\t\t\t<span class=\"elementor-button-content-wrapper\">\n\t\t\t\t\t\t<span class=\"elementor-button-icon\">\n\t\t\t\t<svg aria-hidden=\"true\" class=\"e-font-icon-svg e-fas-donate\" viewBox=\"0 0 512 512\" xmlns=\"http:\/\/www.w3.org\/2000\/svg\"><path d=\"M256 416c114.9 0 208-93.1 208-208S370.9 0 256 0 48 93.1 48 208s93.1 208 208 208zM233.8 97.4V80.6c0-9.2 7.4-16.6 16.6-16.6h11.1c9.2 0 16.6 7.4 16.6 16.6v17c15.5.8 30.5 6.1 43 15.4 5.6 4.1 6.2 12.3 1.2 17.1L306 145.6c-3.8 3.7-9.5 3.8-14 1-5.4-3.4-11.4-5.1-17.8-5.1h-38.9c-9 0-16.3 8.2-16.3 18.3 0 8.2 5 15.5 12.1 17.6l62.3 18.7c25.7 7.7 43.7 32.4 43.7 60.1 0 34-26.4 61.5-59.1 62.4v16.8c0 9.2-7.4 16.6-16.6 16.6h-11.1c-9.2 0-16.6-7.4-16.6-16.6v-17c-15.5-.8-30.5-6.1-43-15.4-5.6-4.1-6.2-12.3-1.2-17.1l16.3-15.5c3.8-3.7 9.5-3.8 14-1 5.4 3.4 11.4 5.1 17.8 5.1h38.9c9 0 16.3-8.2 16.3-18.3 0-8.2-5-15.5-12.1-17.6l-62.3-18.7c-25.7-7.7-43.7-32.4-43.7-60.1.1-34 26.4-61.5 59.1-62.4zM480 352h-32.5c-19.6 26-44.6 47.7-73 64h63.8c5.3 0 9.6 3.6 9.6 8v16c0 4.4-4.3 8-9.6 8H73.6c-5.3 0-9.6-3.6-9.6-8v-16c0-4.4 4.3-8 9.6-8h63.8c-28.4-16.3-53.3-38-73-64H32c-17.7 0-32 14.3-32 32v96c0 17.7 14.3 32 32 32h448c17.7 0 32-14.3 32-32v-96c0-17.7-14.3-32-32-32z\"><\/path><\/svg>\t\t\t<\/span>\n\t\t\t\t\t\t\t\t\t<span class=\"elementor-button-text\">DONAR<\/span>\n\t\t\t\t\t<\/span>\n\t\t\t\t\t<\/a>\n\t\t\t\t<\/div>\n\t\t\t\t\t\t\t\t<\/div>\n\t\t\t\t<\/div>\n\t\t\t\t\t<\/div>\n\t\t<\/div>\n\t\t\t\t\t<\/div>\n\t\t<\/section>\n\t\t\t\t<section class=\"elementor-section elementor-top-section elementor-element elementor-element-7e8b403 elementor-section-boxed elementor-section-height-default elementor-section-height-default\" data-id=\"7e8b403\" data-element_type=\"section\" data-settings=\"{&quot;background_background&quot;:&quot;classic&quot;}\">\n\t\t\t\t\t\t<div class=\"elementor-container elementor-column-gap-default\">\n\t\t\t\t\t<div class=\"elementor-column elementor-col-100 elementor-top-column elementor-element elementor-element-d22092b\" data-id=\"d22092b\" data-element_type=\"column\">\n\t\t\t<div class=\"elementor-widget-wrap elementor-element-populated\">\n\t\t\t\t\t\t<div class=\"elementor-element elementor-element-8b9d384 elementor-widget elementor-widget-kentha-elementor-section-caption\" data-id=\"8b9d384\" data-element_type=\"widget\" data-widget_type=\"kentha-elementor-section-caption.default\">\n\t\t\t\t<div class=\"elementor-widget-container\">\n\t\t\t\t\t\t\t<h2 id=\"qttabsec-sobre-la-donacion\" class=\"qt-center qt-qttabsec-sobre-la-donacion qt-textfx-wrap qt-fontsize-h1\">\n\t\t\t\t\t\t\t\t<span class=\"qt-txtfx qt-txtfx--ibiza\"><span  data-letters=\"SOBRE LA DONACI\u00d3N\">SOBRE LA DONACI\u00d3N<\/span><\/span>\n\t\t\t\t\t\t\t<\/h2>\n\t\t\t\t<div data-kentha-customstyles=\"\/* Shortcode dynamically generated CSS *\/\n\t\t\t\t\t.qt-qttabsec-sobre-la-donacion .qt-txtfx--ibiza, .qt-qttabsec-sobre-la-donacion .qt-txtfx--ibiza.qt-txtfxstart { color: #232323}\n\t\t\t\t\t.qt-qttabsec-sobre-la-donacion .qt-txtfx--ibiza span::before { color: #FFFFFF}\n\t\t\t\t\t.qt-qttabsec-sobre-la-donacion .qt-txtfx--ibiza::after { background: #630DFF}\"><\/div>\n\t\t\t\t\t\t<\/div>\n\t\t\t\t<\/div>\n\t\t\t\t<div class=\"elementor-element elementor-element-5c7a420 elementor-widget elementor-widget-text-editor\" data-id=\"5c7a420\" data-element_type=\"widget\" data-widget_type=\"text-editor.default\">\n\t\t\t\t<div class=\"elementor-widget-container\">\n\t\t\t\t\t\t\t\t\t<p>\u00a0<\/p><p>DeepNova Radio naci\u00f3 del amor puro por la m\u00fasica deep house, ese lado suave, emotivo y lleno de alma del sonido electr\u00f3nico.<br \/>No somos solo otra estaci\u00f3n de radio. Somos un viaje curado, las 24 horas del d\u00eda, los 7 d\u00edas de la semana, transmitiendo solo las pistas m\u00e1s refinadas de deep house con una calidad cristalina de 320 kbps, sin anuncios y sin ruido.<\/p><p>Pero la verdad es esta: mantener una radio independiente y de alta calidad como esta implica costos \u2014 servidores, licencias, hosting, adquisici\u00f3n de m\u00fasica y actualizaciones constantes.<br \/>Si alguna vez te has dejado llevar por nuestras listas de reproducci\u00f3n mientras conduces, trabajas o te relajas, ya eres parte de este viaje.<\/p><p>\u2764\ufe0f Si te gusta lo que escuchas, considera apoyarnos con una donaci\u00f3n.<br \/>Incluso solo \u20ac3 al mes ayudan a mantener viva la m\u00fasica.<\/p><p>\u00a0<\/p>\t\t\t\t\t\t\t\t<\/div>\n\t\t\t\t<\/div>\n\t\t\t\t<div class=\"elementor-element elementor-element-5f34891 elementor-widget elementor-widget-kentha-elementor-post-carousel\" data-id=\"5f34891\" data-element_type=\"widget\" data-widget_type=\"kentha-elementor-post-carousel.default\">\n\t\t\t\t<div class=\"elementor-widget-container\">\n\t\t\t\t\tDisculpa, no hay nada por el momento.\t\t\t\t\t\t<\/div>\n\t\t\t\t<\/div>\n\t\t\t\t<div class=\"elementor-element elementor-element-4438cdf elementor-widget elementor-widget-text-editor\" data-id=\"4438cdf\" data-element_type=\"widget\" data-widget_type=\"text-editor.default\">\n\t\t\t\t<div class=\"elementor-widget-container\">\n\t\t\t\t\t\t\t\t\t<center> <script type=\"text\/javascript\" defer=\"\" src=\"https:\/\/donorbox.org\/install-popup-button.js\" id=\"donorbox-popup-button-installer\"> <\/script><a class=\"dbox-donation-button\" id=\"preview_inline_popup_button\" href=\"https:\/\/donorbox.org\/support-deepnova-radio-keep-the-deep-vibes-alive?\" style=\"background: rgb(41, 73, 188); color: rgb(255, 255, 255); text-decoration: none; font-family: Verdana, sans-serif; display: flex; gap: 8px; width: fit-content; font-size: 16px; border-radius: 5px; line-height: 24px; padding: 8px 24px;\" target=\"_blank\" rel=\"noopener\"><img decoding=\"async\" src=\"https:\/\/donorbox.org\/images\/white_logo.svg\">Donate<\/a> <\/center>\t\t\t\t\t\t\t\t<\/div>\n\t\t\t\t<\/div>\n\t\t\t\t\t<\/div>\n\t\t<\/div>\n\t\t\t\t\t<\/div>\n\t\t<\/section>\n\t\t\t\t<section class=\"elementor-section elementor-top-section elementor-element elementor-element-237294c elementor-section-height-min-height elementor-section-boxed elementor-section-height-default elementor-section-items-middle\" data-id=\"237294c\" data-element_type=\"section\" data-settings=\"{&quot;background_background&quot;:&quot;video&quot;,&quot;background_video_link&quot;:&quot;https:\\\/\\\/www.youtube.com\\\/watch?v=Q9KcDK5mb3o&quot;,&quot;shape_divider_top&quot;:&quot;waves&quot;,&quot;shape_divider_bottom&quot;:&quot;waves&quot;}\">\n\t\t\t\t\t\t\t\t<div class=\"elementor-background-video-container elementor-hidden-mobile\" aria-hidden=\"true\">\n\t\t\t\t\t\t\t\t\t\t\t\t\t<div class=\"elementor-background-video-embed\"><\/div>\n\t\t\t\t\t\t\t\t\t\t\t\t<\/div>\n\t\t\t\t\t\t\t\t\t<div class=\"elementor-background-overlay\"><\/div>\n\t\t\t\t\t\t<div class=\"elementor-shape elementor-shape-top\" aria-hidden=\"true\" data-negative=\"false\">\n\t\t\t<svg xmlns=\"http:\/\/www.w3.org\/2000\/svg\" viewBox=\"0 0 1000 100\" preserveAspectRatio=\"none\">\n\t<path class=\"elementor-shape-fill\" d=\"M421.9,6.5c22.6-2.5,51.5,0.4,75.5,5.3c23.6,4.9,70.9,23.5,100.5,35.7c75.8,32.2,133.7,44.5,192.6,49.7\n\tc23.6,2.1,48.7,3.5,103.4-2.5c54.7-6,106.2-25.6,106.2-25.6V0H0v30.3c0,0,72,32.6,158.4,30.5c39.2-0.7,92.8-6.7,134-22.4\n\tc21.2-8.1,52.2-18.2,79.7-24.2C399.3,7.9,411.6,7.5,421.9,6.5z\"\/>\n<\/svg>\t\t<\/div>\n\t\t\t\t<div class=\"elementor-shape elementor-shape-bottom\" aria-hidden=\"true\" data-negative=\"false\">\n\t\t\t<svg xmlns=\"http:\/\/www.w3.org\/2000\/svg\" viewBox=\"0 0 1000 100\" preserveAspectRatio=\"none\">\n\t<path class=\"elementor-shape-fill\" d=\"M421.9,6.5c22.6-2.5,51.5,0.4,75.5,5.3c23.6,4.9,70.9,23.5,100.5,35.7c75.8,32.2,133.7,44.5,192.6,49.7\n\tc23.6,2.1,48.7,3.5,103.4-2.5c54.7-6,106.2-25.6,106.2-25.6V0H0v30.3c0,0,72,32.6,158.4,30.5c39.2-0.7,92.8-6.7,134-22.4\n\tc21.2-8.1,52.2-18.2,79.7-24.2C399.3,7.9,411.6,7.5,421.9,6.5z\"\/>\n<\/svg>\t\t<\/div>\n\t\t\t\t\t<div class=\"elementor-container elementor-column-gap-wider\">\n\t\t\t\t\t<div class=\"elementor-column elementor-col-50 elementor-top-column elementor-element elementor-element-ebc7610\" data-id=\"ebc7610\" data-element_type=\"column\">\n\t\t\t<div class=\"elementor-widget-wrap elementor-element-populated\">\n\t\t\t\t\t\t<div class=\"elementor-element elementor-element-a42e3e9 elementor-widget elementor-widget-text-editor\" data-id=\"a42e3e9\" data-element_type=\"widget\" data-widget_type=\"text-editor.default\">\n\t\t\t\t<div class=\"elementor-widget-container\">\n\t\t\t\t\t\t\t\t\t<ul><li>\u2615 3 \u20ac al mes \u2013 Ay\u00fadanos a cubrir el alojamiento<br data-start=\"47\" data-end=\"50\" \/>\ud83c\udfb6 7 \u20ac al mes \u2013 Mant\u00e9n nuestra transmisi\u00f3n sin anuncios<br data-start=\"105\" data-end=\"108\" \/>\ud83d\udc9c 25 \u20ac al a\u00f1o \u2013 Convi\u00e9rtete en un Patrocinador de DeepNova<\/li><\/ul>\t\t\t\t\t\t\t\t<\/div>\n\t\t\t\t<\/div>\n\t\t\t\t\t<\/div>\n\t\t<\/div>\n\t\t\t\t<div class=\"elementor-column elementor-col-50 elementor-top-column elementor-element elementor-element-0c5c5dc\" data-id=\"0c5c5dc\" data-element_type=\"column\">\n\t\t\t<div class=\"elementor-widget-wrap elementor-element-populated\">\n\t\t\t\t\t\t<div class=\"elementor-element elementor-element-75061c5 elementor-widget elementor-widget-text-editor\" data-id=\"75061c5\" data-element_type=\"widget\" data-widget_type=\"text-editor.default\">\n\t\t\t\t<div class=\"elementor-widget-container\">\n\t\t\t\t\t\t\t\t\t<p>\u00a0<\/p><p>Cada donante, grande o peque\u00f1o, es un h\u00e9roe en nuestra historia.<br \/>No solo est\u00e1s financiando m\u00fasica \u2014 est\u00e1s alimentando emoci\u00f3n, conexi\u00f3n y creatividad.<br \/>Mantengamos DeepNova vivo juntos.<\/p><p>\ud83d\udc9c Desde lo m\u00e1s profundo de nuestro coraz\u00f3n \u2014 gracias.<\/p><p>\u00a0<\/p>\t\t\t\t\t\t\t\t<\/div>\n\t\t\t\t<\/div>\n\t\t\t\t\t<\/div>\n\t\t<\/div>\n\t\t\t\t\t<\/div>\n\t\t<\/section>\n\t\t\t\t<\/div>\n\t\t","protected":false},"excerpt":{"rendered":"<p>Ay\u00fadanos a mantener viva la vibra profunda, un latido a la vez Apoya a DeepNova Radio DONAR SOBRE LA DONACI\u00d3N \u00a0 DeepNova Radio naci\u00f3 del amor puro por la m\u00fasica deep house, ese lado suave, emotivo y lleno de alma del sonido electr\u00f3nico.No somos solo otra estaci\u00f3n de radio. Somos [&hellip;]<\/p>\n","protected":false},"author":1,"featured_media":0,"parent":0,"menu_order":0,"comment_status":"closed","ping_status":"closed","template":"page-visualcomposer.php","meta":{"footnotes":""},"class_list":["post-6484","page","type-page","status-publish","hentry"],"_links":{"self":[{"href":"https:\/\/deepnovaradio.com\/es\/wp-json\/wp\/v2\/pages\/6484","targetHints":{"allow":["GET"]}}],"collection":[{"href":"https:\/\/deepnovaradio.com\/es\/wp-json\/wp\/v2\/pages"}],"about":[{"href":"https:\/\/deepnovaradio.com\/es\/wp-json\/wp\/v2\/types\/page"}],"author":[{"embeddable":true,"href":"https:\/\/deepnovaradio.com\/es\/wp-json\/wp\/v2\/users\/1"}],"replies":[{"embeddable":true,"href":"https:\/\/deepnovaradio.com\/es\/wp-json\/wp\/v2\/comments?post=6484"}],"version-history":[{"count":0,"href":"https:\/\/deepnovaradio.com\/es\/wp-json\/wp\/v2\/pages\/6484\/revisions"}],"wp:attachment":[{"href":"https:\/\/deepnovaradio.com\/es\/wp-json\/wp\/v2\/media?parent=6484"}],"curies":[{"name":"wp","href":"https:\/\/api.w.org\/{rel}","templated":true}]}}